{"id":1491,"date":"2024-05-29T08:13:24","date_gmt":"2024-05-29T08:13:24","guid":{"rendered":"https:\/\/asesorianavarro.es\/?page_id=1491"},"modified":"2024-05-29T08:16:06","modified_gmt":"2024-05-29T08:16:06","slug":"avis-legal","status":"publish","type":"page","link":"https:\/\/asesorianavarro.es\/ca\/avis-legal\/","title":{"rendered":"Av\u00eds legal"},"content":{"rendered":"<p>En compliment amb el deure d&#8217;informaci\u00f3 recollit a l&#8217;article 10 de la Llei 34\/2002, d&#8217;11 de juliol, de Serveis de la Societat de la Informaci\u00f3 i del Comer\u00e7 Electr\u00f2nic (LSSICE), el propietari de la web, l&#8217;informa del seg\u00fcent:<\/p>\n<p><strong>Denominaci\u00f3 social:<\/strong> NAVARRO I ASSOCIATS-CONSULTORS EMPRESARIALS, S.L.U.<br \/>\n<strong>NIF:<\/strong> B63424287<br \/>\n<strong>Domicili:<\/strong> Passeig Joan Maragall, 7 Baixos, 08850 &#8211; Gav\u00e0 (Barcelona)<br \/>\nInscrita en el Registre Mercantil de Barcelona al Tom 36299, foli 131, secci\u00f3 8, fulla n\u00famero 284019, inscripci\u00f3 4<\/p>\n<p>&nbsp;<\/p>\n<p>Amb els l\u00edmits establerts en la llei, NAVARRO I ASSOCIATS-CONSULTORS EMPRESARIALS, S.L.U. no assumeix cap responsabilitat derivada de la manca de veracitat, integritat, actualitzaci\u00f3 i precisi\u00f3 de les dades o informacions que contenen les seves p\u00e0gines web.<\/p>\n<p>Els continguts i la informaci\u00f3 no vinculen a NAVARRO I ASSOCIATS-CONSULTORS EMPRESARIALS, S.L.U. ni constitueixen opinions, consells o assessorament legal de cap tipus, ja que es tracta merament d&#8217;un servei ofert amb car\u00e0cter informatiu i divulgatiu.<\/p>\n<p>Les p\u00e0gines d&#8217;Internet de NAVARRO I ASSOCIATS-CONSULTORS EMPRESARIALS, S.L.U. poden contenir enlla\u00e7os (links) a altres p\u00e0gines de terceres parts que NAVARRO I ASSOCIATS-CONSULTORS EMPRESARIALS, S.L.U. no pot controlar. Per tant, NAVARRO I ASSOCIATS-CONSULTORS EMPRESARIALS, S.L.U. no pot assumir responsabilitats pel contingut que pugui apar\u00e8ixer en p\u00e0gines de tercers.<\/p>\n<p>Els textos, imatges, sons, animacions, software i la resta de continguts inclosos en aquest website s\u00f3n propietat exclusiva de NAVARRO I ASSOCIATS-CONSULTORS EMPRESARIALS, S.L.U. o els seus llicenciants. Qualsevol acte de transmissi\u00f3, distribuci\u00f3, cessi\u00f3, reproducci\u00f3, emmagatzematge o comunicaci\u00f3 p\u00fablica total o parcial, haur\u00e0 de comptar amb el consentiment expr\u00e9s de NAVARRO I ASSOCIATS-CONSULTORS EMPRESARIALS, S.L.U.<\/p>\n<p>Aix\u00ed mateix, per accedir a alguns dels serveis que NAVARRO I ASSOCIATS-CONSULTORS EMPRESARIALS, S.L.U. ofereix a trav\u00e9s del lloc web, haur\u00e0 de proporcionar algunes dades de car\u00e0cter personal. En compliment del que estableix el Reglament (UE) 2016\/679 del Parlament Europeu i del Consell, de 27 d&#8217;abril de 2016, relatiu a la protecci\u00f3 de les persones f\u00edsiques pel que fa al tractament de dades personals i a la lliure circulaci\u00f3 d&#8217;aquestes dades li informem que, mitjan\u00e7ant l&#8217;emplenament dels presents formularis, les seves dades personals quedaran incorporades i seran tractades en els fitxers de NAVARRO I ASSOCIATS-CONSULTORS EMPRESARIALS, S.L.U. amb la finalitat de poder-li prestar i oferir els nostres serveis aix\u00ed com per informar-lo de les millores del lloc web.<\/p>\n<p>&nbsp;<\/p>\n<p>Li informem tamb\u00e9 que tindr\u00e0 la possibilitat en tot moment d&#8217;exercir els drets d&#8217;acc\u00e9s, rectificaci\u00f3, cancel\u00b7laci\u00f3, oposici\u00f3, limitaci\u00f3 i portabilitat de les seves dades de car\u00e0cter personal, de manera gratu\u00efta mitjan\u00e7ant email a: julia@asesorianavarro.es o a l&#8217;adre\u00e7a: Passeig Joan Maragall, 7 Baixos, 08850 &#8211; Gav\u00e0 (Barcelona).<\/p>\n","protected":false},"excerpt":{"rendered":"<p>En compliment amb el deure d&#8217;informaci\u00f3 recollit a l&#8217;article 10 [&hellip;]<\/p>\n","protected":false},"author":1,"featured_media":0,"parent":0,"menu_order":0,"comment_status":"closed","ping_status":"closed","template":"","meta":{"footnotes":""},"class_list":["post-1491","page","type-page","status-publish","hentry"],"_links":{"self":[{"href":"https:\/\/asesorianavarro.es\/ca\/wp-json\/wp\/v2\/pages\/1491","targetHints":{"allow":["GET"]}}],"collection":[{"href":"https:\/\/asesorianavarro.es\/ca\/wp-json\/wp\/v2\/pages"}],"about":[{"href":"https:\/\/asesorianavarro.es\/ca\/wp-json\/wp\/v2\/types\/page"}],"author":[{"embeddable":true,"href":"https:\/\/asesorianavarro.es\/ca\/wp-json\/wp\/v2\/users\/1"}],"replies":[{"embeddable":true,"href":"https:\/\/asesorianavarro.es\/ca\/wp-json\/wp\/v2\/comments?post=1491"}],"version-history":[{"count":2,"href":"https:\/\/asesorianavarro.es\/ca\/wp-json\/wp\/v2\/pages\/1491\/revisions"}],"predecessor-version":[{"id":1493,"href":"https:\/\/asesorianavarro.es\/ca\/wp-json\/wp\/v2\/pages\/1491\/revisions\/1493"}],"wp:attachment":[{"href":"https:\/\/asesorianavarro.es\/ca\/wp-json\/wp\/v2\/media?parent=1491"}],"curies":[{"name":"wp","href":"https:\/\/api.w.org\/{rel}","templated":true}]}}