{"id":1510,"date":"2024-05-29T09:07:16","date_gmt":"2024-05-29T09:07:16","guid":{"rendered":"https:\/\/asesorianavarro.es\/?page_id=1510"},"modified":"2024-05-29T09:08:03","modified_gmt":"2024-05-29T09:08:03","slug":"politica-de-cookies","status":"publish","type":"page","link":"https:\/\/asesorianavarro.es\/ca\/politica-de-cookies\/","title":{"rendered":"Pol\u00edtica de cookies"},"content":{"rendered":"<div class=\"fusion-fullwidth fullwidth-box fusion-builder-row-1 fusion-flex-container has-pattern-background has-mask-background nonhundred-percent-fullwidth non-hundred-percent-height-scrolling\" style=\"--awb-border-radius-top-left:0px;--awb-border-radius-top-right:0px;--awb-border-radius-bottom-right:0px;--awb-border-radius-bottom-left:0px;--awb-flex-wrap:wrap;\" ><div class=\"fusion-builder-row fusion-row fusion-flex-align-items-flex-start fusion-flex-content-wrap\" style=\"max-width:1248px;margin-left: calc(-4% \/ 2 );margin-right: calc(-4% \/ 2 );\"><div class=\"fusion-layout-column fusion_builder_column fusion-builder-column-0 fusion_builder_column_1_1 1_1 fusion-flex-column\" style=\"--awb-bg-size:cover;--awb-width-large:100%;--awb-margin-top-large:0px;--awb-spacing-right-large:1.92%;--awb-margin-bottom-large:20px;--awb-spacing-left-large:1.92%;--awb-width-medium:100%;--awb-order-medium:0;--awb-spacing-right-medium:1.92%;--awb-spacing-left-medium:1.92%;--awb-width-small:100%;--awb-order-small:0;--awb-spacing-right-small:1.92%;--awb-spacing-left-small:1.92%;\"><div class=\"fusion-column-wrapper fusion-column-has-shadow fusion-flex-justify-content-flex-start fusion-content-layout-column\"><div class=\"fusion-text fusion-text-1\"><p>El present lloc Web utilitza cookies per millorar la navegaci\u00f3 de l&#8217;usuari i actualitzar el seu contingut. A continuaci\u00f3 trobar\u00e0 informaci\u00f3 sobre qu\u00e8 s\u00f3n les cookies, quin tipus de cookies utilitza el present lloc Web, com pot desactivar les cookies al seu navegador i com desactivar espec\u00edficament la instal\u00b7laci\u00f3 de cookies de tercers.<\/p>\n<h3>Qu\u00e8 s\u00f3n les cookies?<\/h3>\n<p>Les cookies s\u00f3n petits arxius que algunes plataformes, com les p\u00e0gines Web, poden instal\u00b7lar al seu ordinador o dispositiu m\u00f2bil. Les seves funcions poden ser molt variades: emmagatzemar les seves prefer\u00e8ncies de navegaci\u00f3, recopilar informaci\u00f3 estad\u00edstica, permetre certes funcionalitats t\u00e8cniques, etc. En ocasions, les cookies s&#8217;utilitzen per emmagatzemar informaci\u00f3 b\u00e0sica sobre els h\u00e0bits de navegaci\u00f3 de l&#8217;usuari o del seu equip, fins al punt, segons els casos, de poder recon\u00e8ixer-lo.<\/p>\n<h3>Per qu\u00e8 s\u00f3n importants?<\/h3>\n<p>Les cookies ens ajuden a treure el millor de la nostra Web i a proporcionar-li un servei m\u00e9s personalitzat. Des d&#8217;un punt de vista t\u00e8cnic, permeten que les p\u00e0gines Web funcionin de forma m\u00e9s \u00e0gil i adaptada a les prefer\u00e8ncies dels usuaris. A m\u00e9s, ens ajuden a millorar els continguts i serveis que s&#8217;ofereixen, gr\u00e0cies a la informaci\u00f3 estad\u00edstica que recull a trav\u00e9s d&#8217;elles.<\/p>\n<h3>Com utilitzem les cookies?<\/h3>\n<p>Navegar pel present lloc Web suposa que es puguin instal\u00b7lar els seg\u00fcents tipus de cookies:<\/p>\n<h4>Segons l&#8217;entitat que les gestiona:<\/h4>\n<p><strong>Cookies pr\u00f2pies:<\/strong> S\u00f3n aquelles que s&#8217;envien a l&#8217;equip terminal de l&#8217;Usuari des d&#8217;un equip o domini gestionat pel titular de la p\u00e0gina Web, en aquest cas, NAVARRO I ASSOCIATS-CONSULTORS EMPRESARIALS, S.L.U. i des del qual es presta el servei sol\u00b7licitat per l&#8217;Usuari.<\/p>\n<p><strong>Cookies de tercer:<\/strong> S\u00f3n aquelles que s&#8217;envien a l&#8217;equip terminal de l&#8217;Usuari des d&#8217;un equip o domini que no \u00e9s gestionat pel titular de la p\u00e0gina Web, sin\u00f3 per una altra entitat que tracta les dades obtingudes a trav\u00e9s de les cookies.<\/p>\n<h4>Segons el termini de temps que romanen activades:<\/h4>\n<p><strong>Cookies de sessi\u00f3:<\/strong> S\u00f3n un tipus de cookies dissenyades per recollir i emmagatzemar dades mentre l&#8217;Usuari accedeix a la p\u00e0gina Web. Se solen emprar per emmagatzemar informaci\u00f3 que nom\u00e9s interessa conservar per a la prestaci\u00f3 del servei sol\u00b7licitat per l&#8217;Usuari en una sola ocasi\u00f3. La informaci\u00f3 obtinguda per<\/p>\n<p>mitj\u00e0 d&#8217;aquestes cookies serveix per analitzar pautes de tr\u00e0nsit a la Web. A la llarga, aix\u00f2 ens permet proporcionar una millor experi\u00e8ncia per millorar el contingut i facilitar-ne l&#8217;\u00fas.<\/p>\n<p><strong>Cookies persistents:<\/strong> S\u00f3n emmagatzemades al disc dur i la nostra Web les llegeix cada vegada que l&#8217;Usuari realitza una nova visita. Una cookie permanent posseeix una data d&#8217;expiraci\u00f3 determinada. La cookie deixar\u00e0 de funcionar despr\u00e9s d&#8217;aquesta data.<\/p>\n<h4>Segons la seva finalitat:<\/h4>\n<p><strong>Cookies t\u00e8cniques:<\/strong> S\u00f3n aquelles que permeten a l&#8217;Usuari la navegaci\u00f3 a trav\u00e9s d&#8217;una p\u00e0gina Web, plataforma o aplicaci\u00f3 i la utilitzaci\u00f3 de les diferents opcions o serveis que hi existeixin com, per exemple, controlar el tr\u00e0nsit i la comunicaci\u00f3 de dades, identificar la sessi\u00f3, accedir a parts d&#8217;acc\u00e9s restringit, realitzar la sol\u00b7licitud d&#8217;inscripci\u00f3 o participaci\u00f3 en un esdeveniment, utilitzar elements de seguretat durant la navegaci\u00f3, emmagatzemar continguts per a la difusi\u00f3 de v\u00eddeos o so o compartir continguts a trav\u00e9s de xarxes socials.<\/p>\n<p><strong>Cookies de personalitzaci\u00f3:<\/strong> S\u00f3n aquelles que permeten a l&#8217;Usuari accedir al servei amb algunes caracter\u00edstiques de car\u00e0cter general predefinides en funci\u00f3 d&#8217;una s\u00e8rie de criteris al terminal de l&#8217;Usuari, com per exemple: l&#8217;idioma, el tipus de navegador a trav\u00e9s del qual accedeix al servei, la configuraci\u00f3 regional des d&#8217;on accedeix al servei, etc.<\/p>\n<p><strong>Cookies d&#8217;an\u00e0lisi:<\/strong> S\u00f3n aquelles que ens permeten el seguiment i an\u00e0lisi del comportament dels Usuaris del lloc Web. La informaci\u00f3 recollida mitjan\u00e7ant aquest tipus de cookies s&#8217;utilitza en la mesura de l&#8217;activitat del lloc Web i per a l&#8217;elaboraci\u00f3 de perfils de navegaci\u00f3 dels Usuaris amb la finalitat d&#8217;introduir millores en funci\u00f3 de l&#8217;an\u00e0lisi de les dades d&#8217;\u00fas que fan els Usuaris del servei.<\/p>\n<p><strong>Cookies publicit\u00e0ries:<\/strong> S\u00f3n aquelles que permeten la gesti\u00f3, de la forma m\u00e9s efica\u00e7 possible, dels espais publicitaris que, si escau, s&#8217;inclouen a la p\u00e0gina Web en base a criteris com el contingut editat o la freq\u00fc\u00e8ncia en qu\u00e8 es mostren els anuncis.<\/p>\n<p><strong>Cookies de publicitat comportamental:<\/strong> S\u00f3n aquelles que permeten la gesti\u00f3, de la forma m\u00e9s efica\u00e7 possible, dels espais publicitaris que, si escau, el titular de la p\u00e0gina Web hagi incl\u00f2s en una Web. Aquestes cookies emmagatzemen informaci\u00f3 del comportament dels Usuaris obtinguda a trav\u00e9s de l&#8217;observaci\u00f3 continuada dels seus h\u00e0bits de navegaci\u00f3, cosa que permet desenvolupar un perfil espec\u00edfic per mostrar publicitat en funci\u00f3 del mateix.<\/p>\n<h4>NAVARRO I ASSOCIATS-CONSULTORS EMPRESARIALS, S.L.U. utilitza en aquest lloc Web les cookies que es detallen a continuaci\u00f3:<\/h4>\n<p>Entitat que les gestiona, termini, finalitat, descripci\u00f3.<\/p>\n<p><strong>Pr\u00f2pia de NAVARRO I ASSOCIATS-CONSULTORS EMPRESARIALS, S.L.U.<\/strong> \/ Persistents | T\u00e8cnica | Necess\u00e0ria per a la navegaci\u00f3 a trav\u00e9s de la web, \u00e9s generada directament per la plataforma.<\/p>\n<p><strong>De tercers (Google Analytics)<\/strong> | Sessi\u00f3 \/ Persistents | An\u00e0lisi | Mesura de l&#8217;activitat amb finalitat estad\u00edstica (an\u00e0lisi de les dades amb Google Analytics), amb la finalitat d&#8217;introduir millores en funci\u00f3 de les dades d&#8217;\u00fas.<\/p>\n<h3>Com puc configurar les meves prefer\u00e8ncies?<\/h3>\n<p>Tots els navegadors d&#8217;Internet permeten limitar el comportament d&#8217;una cookie o desactivar les cookies dins de la configuraci\u00f3 o les opcions del navegador. Els passos per fer-ho s\u00f3n diferents per a cada navegador, podent-se trobar instruccions en el men\u00fa d&#8217;ajuda del seu navegador.<\/p>\n<p>Molts navegadors permeten activar un mode privat mitjan\u00e7ant el qual les cookies es borren sempre despr\u00e9s de la visita. Depenent de cada navegador aquest mode privat pot tenir diferents noms. A continuaci\u00f3 es pot trobar una llista dels navegadors m\u00e9s comuns amb un enlla\u00e7 a la configuraci\u00f3 de cookies i els diferents noms d&#8217;aquest \u201cmode privat\u201d:<\/p>\n<p>&#8211; Internet Explorer; InPrivate<br \/>\n&#8211; Safari; Navegaci\u00f3 Privada<br \/>\n&#8211; Opera; Navegaci\u00f3 Privada<br \/>\n&#8211; FireFox; Navegaci\u00f3 Privada<br \/>\n&#8211; Google Chrome; Inc\u00f2gnit<\/p>\n<p>L&#8217;Usuari pot inhabilitar l&#8217;\u00fas de cookies de Google a trav\u00e9s de l&#8217;opci\u00f3 \u201cConfiguraci\u00f3 d&#8217;anuncis\u201d de Google. Tamb\u00e9 pot inhabilitar l&#8217;\u00fas de cookies de tercers prove\u00efdors a trav\u00e9s de la \u201cp\u00e0gina d&#8217;inhabilitaci\u00f3 de Network Advertising Initiative\u201d.<\/p>\n<p>Si desitja contactar amb nosaltres respecte a la nostra pol\u00edtica de cookies, pot fer-ho a info@asesorianavarro.es.<\/p>\n<\/div><\/div><\/div><\/div><\/div>\n","protected":false},"excerpt":{"rendered":"","protected":false},"author":1,"featured_media":0,"parent":0,"menu_order":0,"comment_status":"closed","ping_status":"closed","template":"","meta":{"footnotes":""},"class_list":["post-1510","page","type-page","status-publish","hentry"],"_links":{"self":[{"href":"https:\/\/asesorianavarro.es\/ca\/wp-json\/wp\/v2\/pages\/1510","targetHints":{"allow":["GET"]}}],"collection":[{"href":"https:\/\/asesorianavarro.es\/ca\/wp-json\/wp\/v2\/pages"}],"about":[{"href":"https:\/\/asesorianavarro.es\/ca\/wp-json\/wp\/v2\/types\/page"}],"author":[{"embeddable":true,"href":"https:\/\/asesorianavarro.es\/ca\/wp-json\/wp\/v2\/users\/1"}],"replies":[{"embeddable":true,"href":"https:\/\/asesorianavarro.es\/ca\/wp-json\/wp\/v2\/comments?post=1510"}],"version-history":[{"count":1,"href":"https:\/\/asesorianavarro.es\/ca\/wp-json\/wp\/v2\/pages\/1510\/revisions"}],"predecessor-version":[{"id":1511,"href":"https:\/\/asesorianavarro.es\/ca\/wp-json\/wp\/v2\/pages\/1510\/revisions\/1511"}],"wp:attachment":[{"href":"https:\/\/asesorianavarro.es\/ca\/wp-json\/wp\/v2\/media?parent=1510"}],"curies":[{"name":"wp","href":"https:\/\/api.w.org\/{rel}","templated":true}]}}