{"id":1512,"date":"2024-05-29T09:11:04","date_gmt":"2024-05-29T09:11:04","guid":{"rendered":"https:\/\/asesorianavarro.es\/?page_id=1512"},"modified":"2024-05-29T09:11:24","modified_gmt":"2024-05-29T09:11:24","slug":"politica-de-privacitat","status":"publish","type":"page","link":"https:\/\/asesorianavarro.es\/ca\/politica-de-privacitat\/","title":{"rendered":"Pol\u00edtica de privacitat"},"content":{"rendered":"<p>NAVARRO I ASSOCIATS-CONSULTORS EMPRESARIALS, S.L.U., en aplicaci\u00f3 de la normativa vigent en mat\u00e8ria de protecci\u00f3 de dades de car\u00e0cter personal, informa que les dades personals que es recullen a trav\u00e9s dels formularis del Lloc web: http:\/\/www.asesorianavarro.es, s&#8217;inclouen als fitxers automatitzats espec\u00edfics d&#8217;usuaris dels serveis de NAVARRO I ASSOCIATS-CONSULTORS EMPRESARIALS, S.L.U.<\/p>\n<p>La recollida i tractament automatitzat de les dades de car\u00e0cter personal t\u00e9 com a finalitat el manteniment de la relaci\u00f3 comercial i el desenvolupament de tasques d&#8217;informaci\u00f3, formaci\u00f3, assessorament i altres activitats pr\u00f2pies de NAVARRO I ASSOCIATS-CONSULTORS EMPRESARIALS, S.L.U.<\/p>\n<p>Aquestes dades \u00fanicament seran cedides a aquelles entitats que siguin necess\u00e0ries amb l&#8217;\u00fanic objectiu de complir la finalitat anteriorment exposada.<\/p>\n<p>NAVARRO I ASSOCIATS-CONSULTORS EMPRESARIALS, S.L.U. adopta les mesures necess\u00e0ries per garantir la seguretat, integritat i confidencialitat de les dades conforme a all\u00f2 disposat en el Reglament (UE) 2016\/679 del Parlament Europeu i del Consell, de 27 d&#8217;abril de 2016, relatiu a la protecci\u00f3 de les persones f\u00edsiques pel que fa al tractament de dades personals i a la lliure circulaci\u00f3 d&#8217;aquests, i derogant l&#8217;antiga LOPD, la nova Llei Org\u00e0nica 3\/2018, de 5 de desembre, de Protecci\u00f3 de Dades i Garantia dels Drets Digitals (LOPDGDD).<\/p>\n<p>L&#8217;usuari podr\u00e0 en qualsevol moment exercitar els drets d&#8217;acc\u00e9s, oposici\u00f3, rectificaci\u00f3, cancel\u00b7laci\u00f3, limitaci\u00f3 i portabilitat reconeguts en el citat Reglament (UE). L&#8217;exercici d&#8217;aquests drets pot realitzar-lo el propi usuari a trav\u00e9s de correu electr\u00f2nic a: julia@asesorianavarro.es o a l&#8217;adre\u00e7a: Passeig Joan Maragall, 7 Baix, C.P. 08850 &#8211; Gav\u00e0 (Barcelona).<\/p>\n<p>L&#8217;usuari manifesta que totes les dades facilitades per ell s\u00f3n certes i correctes, i es compromet a mantenir-les actualitzades, comunicant els canvis a NAVARRO I ASSOCIATS-CONSULTORS EMPRESARIALS, S.L.U.<\/p>\n<p>&nbsp;<\/p>\n<h2>Finalitat del tractament de les dades personals:<\/h2>\n<h3>Amb quina finalitat tractarem les teves dades personals?<\/h3>\n<p>A NAVARRO I ASSOCIATS-CONSULTORS EMPRESARIALS, S.L.U., tractarem les teves dades personals recollides a trav\u00e9s del Lloc Web: http:\/\/www.asesorianavarro.es, amb les seg\u00fcents finalitats:<\/p>\n<p>Enviament d&#8217;informaci\u00f3 comercial i butlletins sobre nous serveis oferts a la web i del sector.<br \/>\nEnviar informaci\u00f3 promocional via electr\u00f2nica.<br \/>\nFacilitar la informaci\u00f3 sol\u00b7licitada per l&#8217;usuari a trav\u00e9s del formulari de contacte.<br \/>\nEt recordem que pots oposar-te a l&#8217;enviament de comunicacions comercials per qualsevol via i en qualsevol moment, remetent un correu electr\u00f2nic a l&#8217;adre\u00e7a anteriorment indicada.<\/p>\n<p>Els camps d&#8217;aquests registres s\u00f3n de compliment obligatori, sent impossible realitzar les finalitats expressades si no es proporcionen aquestes dades.<\/p>\n<h3>Durant quant de temps es conserven les dades personals recollides?<\/h3>\n<p>Les dades personals proporcionades es conservaran mentre es mantingui la relaci\u00f3 comercial o no sol\u00b7licitis la seva supressi\u00f3 i durant el termini pel qual es puguin derivar responsabilitats legals pels serveis prestats.<\/p>\n<h3>Legitimaci\u00f3:<\/h3>\n<p>El tractament de les teves dades es realitza amb les seg\u00fcents bases jur\u00eddiques que legitimen el mateix:<\/p>\n<p>La sol\u00b7licitud d&#8217;informaci\u00f3 i\/o la contractaci\u00f3 dels serveis de NAVARRO I ASSOCIATS-CONSULTORS EMPRESARIALS, S.L.U., els termes i condicions dels quals es posaran a la teva disposici\u00f3 en tot cas, de forma pr\u00e8via a una eventual contractaci\u00f3.<\/p>\n<p>El consentiment lliure, espec\u00edfic, informat i inequ\u00edvoc, en tant que t&#8217;informem posant a la teva disposici\u00f3 la present pol\u00edtica de privacitat, que despr\u00e9s de la lectura de la mateixa, en cas d&#8217;estar conforme, pots acceptar mitjan\u00e7ant una declaraci\u00f3 o una clara acci\u00f3 afirmativa, com el marcatge d&#8217;una casella disposada a l&#8217;efecte.<br \/>\nEn cas que no ens facilitis les teves dades o ho facis de forma err\u00f2nia o incompleta, no podrem atendre la teva sol\u00b7licitud, resultant del tot impossible proporcionar-te la informaci\u00f3 sol\u00b7licitada o dur a terme la contractaci\u00f3 dels serveis.<\/p>\n<h3>Destinataris:<\/h3>\n<p>Les dades no es comunicaran a cap tercer ali\u00e8 a NAVARRO I ASSOCIATS-CONSULTORS EMPRESARIALS, S.L.U., excepte obligaci\u00f3 legal.<\/p>\n<h3>Dades recopilades per usuaris dels serveis<\/h3>\n<p>En els casos en qu\u00e8 l&#8217;usuari inclogui fitxers amb dades de car\u00e0cter personal als servidors d&#8217;allotjament compartit, NAVARRO I ASSOCIATS-CONSULTORS EMPRESARIALS, S.L.U. no es fa responsable de l&#8217;incompliment per part de l&#8217;usuari del RGPD.<\/p>\n<h3>Drets de propietat intel\u00b7lectual https:\/\/www.asesorianavarro.es<\/h3>\n<p>NAVARRO I ASSOCIATS-CONSULTORS EMPRESARIALS, S.L.U. \u00e9s titular de tots els drets d&#8217;autor, propietat intel\u00b7lectual, industrial, &#8220;know how&#8221; i quants altres drets guarden relaci\u00f3 amb els continguts del lloc web https:\/\/www.asesorianavarro.es i els serveis oferts en el mateix, aix\u00ed com dels programes necessaris per a la seva implementaci\u00f3 i la informaci\u00f3 relacionada.<\/p>\n<p>No es permet la reproducci\u00f3, publicaci\u00f3 i\/o \u00fas no estrictament privat dels continguts, totals o parcials, del lloc web https:\/\/www.asesorianavarro.es sense el consentiment previ i per escrit.<\/p>\n<h3>Propietat intel\u00b7lectual del programari<\/h3>\n<p>L&#8217;usuari ha de respectar els programes de tercers posats a la seva disposici\u00f3 per NAVARRO I ASSOCIATS-CONSULTORS EMPRESARIALS, S.L.U., encara que siguin gratu\u00efts i\/o de disposici\u00f3 p\u00fablica.<\/p>\n<p>NAVARRO I ASSOCIATS-CONSULTORS EMPRESARIALS, S.L.U. disposa dels drets d&#8217;explotaci\u00f3 i propietat intel\u00b7lectual necessaris del programari.<\/p>\n<p>L&#8217;usuari no adquireix cap dret ni llic\u00e8ncia pel servei contractat, sobre el programari necessari per a la prestaci\u00f3 del servei, ni tampoc sobre la informaci\u00f3 t\u00e8cnica de seguiment del servei, excepci\u00f3 feta dels drets i llic\u00e8ncies necessaris per al compliment dels serveis contractats i \u00fanicament durant la durada dels mateixos.<\/p>\n<p>Per a tota actuaci\u00f3 que excedeixi del compliment del contracte, l&#8217;usuari necessitar\u00e0 autoritzaci\u00f3 per escrit per part de NAVARRO I ASSOCIATS-CONSULTORS EMPRESARIALS, S.L.U., quedant prohibit a l&#8217;usuari accedir, modificar, visualitzar la configuraci\u00f3, estructura i fitxers dels servidors propietat de NAVARRO I ASSOCIATS-CONSULTORS EMPRESARIALS, S.L.U., assumint la responsabilitat civil i penal derivada de qualsevol incid\u00e8ncia que es pogu\u00e9s produir en els servidors i sistemes de seguretat com a conseq\u00fc\u00e8ncia directa d&#8217;una actuaci\u00f3 negligent o maliciosa per part seva.<\/p>\n<h3>Propietat intel\u00b7lectual dels continguts allotjats<\/h3>\n<p>Es prohibeix l&#8217;\u00fas contrari a la legislaci\u00f3 sobre propietat intel\u00b7lectual dels serveis prestats per NAVARRO I ASSOCIATS-CONSULTORS EMPRESARIALS, S.L.U. i, en particular de:<\/p>\n<p>&#8211; La utilitzaci\u00f3 que resulti contr\u00e0ria a les lleis espanyoles o que infringeixi els drets de tercers.<br \/>\n&#8211; La publicaci\u00f3 o la transmissi\u00f3 de qualsevol contingut que, a judici de NAVARRO I ASSOCIATS-CONSULTORS EMPRESARIALS, S.L.U., resulti violent, obsc\u00e8, abusiu, il\u00b7legal, racial, xen\u00f2fob o difamatori.<br \/>\n&#8211; Els cracks, n\u00fameros de s\u00e8rie de programes o qualsevol altre contingut que vulneri drets de la propietat intel\u00b7lectual de tercers.<br \/>\n&#8211; La recollida i\/o utilitzaci\u00f3 de dades personals d&#8217;altres usuaris sense el seu consentiment expr\u00e9s o contravenint el que disposa el Reglament (UE) 2016\/679 del Parlament Europeu i del Consell, de 27 d&#8217;abril de 2016, relatiu a la protecci\u00f3 de les persones f\u00edsiques pel que fa al tractament de dades personals i a la lliure circulaci\u00f3 d&#8217;aquests.<br \/>\n&#8211; La utilitzaci\u00f3 del servidor de correu del domini i de les adreces<\/p>\n<p> de correu electr\u00f2nic per a l&#8217;enviament de correu massiu no desitjat.<\/p>\n<p>L&#8217;usuari t\u00e9 tota la responsabilitat sobre el contingut de la seva web, la informaci\u00f3 transmesa i emmagatzemada, els enlla\u00e7os d&#8217;hipertext, les reivindicacions de tercers i les accions legals en refer\u00e8ncia a propietat intel\u00b7lectual, drets de tercers i protecci\u00f3 de menors.<\/p>\n<p>L&#8217;usuari \u00e9s responsable respecte a les lleis i reglaments en vigor i les regles que tenen a veure amb el funcionament del servei online, comer\u00e7 electr\u00f2nic, drets d&#8217;autor, manteniment de l&#8217;ordre p\u00fablic, aix\u00ed com principis universals d&#8217;\u00fas d&#8217;Internet.<\/p>\n<p>L&#8217;usuari indemnitzar\u00e0 NAVARRO I ASSOCIATS-CONSULTORS EMPRESARIALS, S.L.U. pels costos que generi la imputaci\u00f3 de NAVARRO I ASSOCIATS-CONSULTORS EMPRESARIALS, S.L.U. en alguna causa la responsabilitat de la qual fos atribu\u00efble a l&#8217;usuari, inclosos honoraris i despeses de defensa jur\u00eddica, fins i tot en el cas d&#8217;una decisi\u00f3 judicial no definitiva.<\/p>\n<h3>Protecci\u00f3 de la informaci\u00f3 allotjada<\/h3>\n<p>NAVARRO I ASSOCIATS-CONSULTORS EMPRESARIALS, S.L.U. realitza c\u00f2pies de seguretat dels continguts allotjats en els seus servidors, no obstant aix\u00f2 no es responsabilitza de la p\u00e8rdua o el esborrat accidental de les dades per part dels usuaris. De la mateixa manera, no garanteix la reposici\u00f3 total de les dades esborrades pels usuaris, ja que aquestes dades podrien haver estat suprimides i\/o modificades durant el per\u00edode del temps transcorregut des de l&#8217;\u00faltima c\u00f2pia de seguretat.<\/p>\n<p>Els serveis oferts, excepte els serveis espec\u00edfics de backup, no inclouen la reposici\u00f3 dels continguts conservats en les c\u00f2pies de seguretat realitzades per NAVARRO I ASSOCIATS-CONSULTORS EMPRESARIALS, S.L.U., quan aquesta p\u00e8rdua sigui imputable a l&#8217;usuari; en aquest cas, es determinar\u00e0 una tarifa acord amb la complexitat i volum de la recuperaci\u00f3, sempre pr\u00e8via acceptaci\u00f3 de l&#8217;usuari.<\/p>\n<p>La reposici\u00f3 de dades esborrades nom\u00e9s est\u00e0 inclosa en el preu del servei quan la p\u00e8rdua del contingut sigui deguda a causes atribu\u00efbles a NAVARRO I ASSOCIATS-CONSULTORS EMPRESARIALS, S.L.U..<\/p>\n<h3>Comunicacions comercials<\/h3>\n<p>En aplicaci\u00f3 de la LSSI. NAVARRO I ASSOCIATS-CONSULTORS EMPRESARIALS, S.L.U. no enviar\u00e0 comunicacions publicit\u00e0ries o promocionals per correu electr\u00f2nic o un altre mitj\u00e0 de comunicaci\u00f3 electr\u00f2nica equivalent que pr\u00e8viament no haguessin estat sol\u00b7licitades o expressament autoritzades pels destinataris de les mateixes.<\/p>\n<p>En el cas d&#8217;usuaris amb els quals existeixi una relaci\u00f3 contractual pr\u00e8via, NAVARRO I ASSOCIATS-CONSULTORS EMPRESARIALS, S.L.U. s\u00ed est\u00e0 autoritzat a l&#8217;enviament de comunicacions comercials referents a productes o serveis de NAVARRO I ASSOCIATS-CONSULTORS EMPRESARIALS, S.L.U. que siguin similars als que inicialment van ser objecte de contractaci\u00f3 amb el client.<\/p>\n<p>En tot cas, l&#8217;usuari, despr\u00e9s d&#8217;acreditar la seva identitat, podr\u00e0 sol\u00b7licitar que no se li faci arribar m\u00e9s informaci\u00f3 comercial a trav\u00e9s dels canals d&#8217;Atenci\u00f3 al Client.<\/p>\n","protected":false},"excerpt":{"rendered":"<p>NAVARRO I ASSOCIATS-CONSULTORS EMPRESARIALS, S.L.U., en aplicaci\u00f3 de la normativa [&hellip;]<\/p>\n","protected":false},"author":1,"featured_media":0,"parent":0,"menu_order":0,"comment_status":"closed","ping_status":"open","template":"","meta":{"footnotes":""},"class_list":["post-1512","page","type-page","status-publish","hentry"],"_links":{"self":[{"href":"https:\/\/asesorianavarro.es\/ca\/wp-json\/wp\/v2\/pages\/1512","targetHints":{"allow":["GET"]}}],"collection":[{"href":"https:\/\/asesorianavarro.es\/ca\/wp-json\/wp\/v2\/pages"}],"about":[{"href":"https:\/\/asesorianavarro.es\/ca\/wp-json\/wp\/v2\/types\/page"}],"author":[{"embeddable":true,"href":"https:\/\/asesorianavarro.es\/ca\/wp-json\/wp\/v2\/users\/1"}],"replies":[{"embeddable":true,"href":"https:\/\/asesorianavarro.es\/ca\/wp-json\/wp\/v2\/comments?post=1512"}],"version-history":[{"count":1,"href":"https:\/\/asesorianavarro.es\/ca\/wp-json\/wp\/v2\/pages\/1512\/revisions"}],"predecessor-version":[{"id":1513,"href":"https:\/\/asesorianavarro.es\/ca\/wp-json\/wp\/v2\/pages\/1512\/revisions\/1513"}],"wp:attachment":[{"href":"https:\/\/asesorianavarro.es\/ca\/wp-json\/wp\/v2\/media?parent=1512"}],"curies":[{"name":"wp","href":"https:\/\/api.w.org\/{rel}","templated":true}]}}